{"id":639,"date":"2019-12-19T19:14:45","date_gmt":"2019-12-19T19:14:45","guid":{"rendered":"http:\/\/art.dirkrathke.de\/?page_id=639"},"modified":"2019-12-19T19:14:45","modified_gmt":"2019-12-19T19:14:45","slug":"open-studios-2019","status":"publish","type":"page","link":"http:\/\/art.dirkrathke.de\/?page_id=639","title":{"rendered":"Open Studios 2019"},"content":{"rendered":"<p>26. Oktobber 2019<\/p>\n<p>ADRIA, K\u00fchnemannstra\u00dfe 51-69,<br \/>\n13409 Berlin (S-Bahnhof Wollankstra\u00dfe)<\/p>\n<div><a href=\"http:\/\/art.dirkrathke.de\/wp-content\/uploads\/2018\/08\/Fassade1.jpg\"><img loading=\"lazy\" decoding=\"async\" class=\"alignnone size-medium wp-image-507\" src=\"http:\/\/art.dirkrathke.de\/wp-content\/uploads\/2018\/08\/Fassade1-300x217.jpg\" sizes=\"auto, (max-width: 300px) 100vw, 300px\" srcset=\"http:\/\/art.dirkrathke.de\/wp-content\/uploads\/2018\/08\/Fassade1-300x217.jpg 300w, http:\/\/art.dirkrathke.de\/wp-content\/uploads\/2018\/08\/Fassade1-768x555.jpg 768w, http:\/\/art.dirkrathke.de\/wp-content\/uploads\/2018\/08\/Fassade1.jpg 1000w\" alt=\"\" width=\"300\" height=\"217\" \/><\/a><\/div>\n","protected":false},"excerpt":{"rendered":"<p>26. Oktobber 2019 ADRIA, K\u00fchnemannstra\u00dfe 51-69, 13409 Berlin (S-Bahnhof Wollankstra\u00dfe)<\/p>\n","protected":false},"author":1,"featured_media":0,"parent":35,"menu_order":0,"comment_status":"closed","ping_status":"closed","template":"","meta":{"footnotes":""},"class_list":["post-639","page","type-page","status-publish","hentry"],"_links":{"self":[{"href":"http:\/\/art.dirkrathke.de\/index.php?rest_route=\/wp\/v2\/pages\/639","targetHints":{"allow":["GET"]}}],"collection":[{"href":"http:\/\/art.dirkrathke.de\/index.php?rest_route=\/wp\/v2\/pages"}],"about":[{"href":"http:\/\/art.dirkrathke.de\/index.php?rest_route=\/wp\/v2\/types\/page"}],"author":[{"embeddable":true,"href":"http:\/\/art.dirkrathke.de\/index.php?rest_route=\/wp\/v2\/users\/1"}],"replies":[{"embeddable":true,"href":"http:\/\/art.dirkrathke.de\/index.php?rest_route=%2Fwp%2Fv2%2Fcomments&post=639"}],"version-history":[{"count":1,"href":"http:\/\/art.dirkrathke.de\/index.php?rest_route=\/wp\/v2\/pages\/639\/revisions"}],"predecessor-version":[{"id":640,"href":"http:\/\/art.dirkrathke.de\/index.php?rest_route=\/wp\/v2\/pages\/639\/revisions\/640"}],"up":[{"embeddable":true,"href":"http:\/\/art.dirkrathke.de\/index.php?rest_route=\/wp\/v2\/pages\/35"}],"wp:attachment":[{"href":"http:\/\/art.dirkrathke.de\/index.php?rest_route=%2Fwp%2Fv2%2Fmedia&parent=639"}],"curies":[{"name":"wp","href":"https:\/\/api.w.org\/{rel}","templated":true}]}}