{"id":334,"date":"2017-07-31T20:13:57","date_gmt":"2017-07-31T20:13:57","guid":{"rendered":"http:\/\/art.dirkrathke.de\/?page_id=334"},"modified":"2017-07-31T20:21:08","modified_gmt":"2017-07-31T20:21:08","slug":"dirk-rathke-roland-geissel-verein-fuer-aktuelle-kunst-ruhrgebiet-oberhausen-2001","status":"publish","type":"page","link":"http:\/\/art.dirkrathke.de\/?page_id=334","title":{"rendered":"Dirk Rathke, Roland Geissel, Verein f\u00fcr aktuelle Kunst \/ Ruhrgebiet, Oberhausen, 2001"},"content":{"rendered":"<p><img loading=\"lazy\" decoding=\"async\" class=\"alignnone size-medium wp-image-335\" src=\"http:\/\/art.dirkrathke.de\/wp-content\/uploads\/2017\/07\/einladg_gr-300x154.jpg\" alt=\"\" width=\"300\" height=\"154\" srcset=\"http:\/\/art.dirkrathke.de\/wp-content\/uploads\/2017\/07\/einladg_gr-300x154.jpg 300w, http:\/\/art.dirkrathke.de\/wp-content\/uploads\/2017\/07\/einladg_gr.jpg 581w\" sizes=\"auto, (max-width: 300px) 100vw, 300px\" \/><br \/>\nEinladungskarte<\/p>\n<p><img loading=\"lazy\" decoding=\"async\" class=\"alignnone size-medium wp-image-336\" src=\"http:\/\/art.dirkrathke.de\/wp-content\/uploads\/2017\/07\/oberhausen2-300x217.jpg\" alt=\"\" width=\"300\" height=\"217\" srcset=\"http:\/\/art.dirkrathke.de\/wp-content\/uploads\/2017\/07\/oberhausen2-300x217.jpg 300w, http:\/\/art.dirkrathke.de\/wp-content\/uploads\/2017\/07\/oberhausen2.jpg 350w\" sizes=\"auto, (max-width: 300px) 100vw, 300px\" \/><\/p>\n<p>v.l.n.r.: Tower 13, 2000, \u00d6l auf Leinwand; Tower 5, 2000, \u00d6l auf Nessel; Tower 20, 2000, \u00d6l auf Mischgewebe; Tower 2, 1999\/2000, \u00d6l auf Leinwand; Tower 12, 2000, \u00d6l auf Nessel; Tower 17, 2000, \u00d6l auf Nessel<\/p>\n<p><img loading=\"lazy\" decoding=\"async\" class=\"alignnone size-medium wp-image-337\" src=\"http:\/\/art.dirkrathke.de\/wp-content\/uploads\/2017\/07\/oberhausen5-300x231.jpg\" alt=\"\" width=\"300\" height=\"231\" srcset=\"http:\/\/art.dirkrathke.de\/wp-content\/uploads\/2017\/07\/oberhausen5-300x231.jpg 300w, http:\/\/art.dirkrathke.de\/wp-content\/uploads\/2017\/07\/oberhausen5.jpg 350w\" sizes=\"auto, (max-width: 300px) 100vw, 300px\" \/><\/p>\n<p>v.l.n.r.: bewegt, 2001, \u00d6l auf Leinwand; o.T., 2000, \u00d6l auf Leinwand; o.T., 1997, \u00d6l auf Leinwand; o.T., 1998, \u00d6l auf Leinwand; Stele 12, 2001, \u00d6l auf Nessel<\/p>\n<p><img loading=\"lazy\" decoding=\"async\" class=\"alignnone size-medium wp-image-338\" src=\"http:\/\/art.dirkrathke.de\/wp-content\/uploads\/2017\/07\/oberhausen7-300x235.jpg\" alt=\"\" width=\"300\" height=\"235\" srcset=\"http:\/\/art.dirkrathke.de\/wp-content\/uploads\/2017\/07\/oberhausen7-300x235.jpg 300w, http:\/\/art.dirkrathke.de\/wp-content\/uploads\/2017\/07\/oberhausen7.jpg 350w\" sizes=\"auto, (max-width: 300px) 100vw, 300px\" \/><\/p>\n<p>v.l.n.r.: Tower 13, 2000, \u00d6l auf Leinwand; Tower 5, 2000, \u00d6l auf Nessel; Tower 20, 2000, \u00d6l auf Mischgewebe; Tower 2, 1999\/2000, \u00d6l auf Leinwand; Tower 12, 2000, \u00d6l auf Nessel; Tower 17, 2000, \u00d6l auf Nessel; im Vordergrund:\u00a0Raunobjekt 5, 2000, Aluminium, Spanplatte<\/p>\n<p><img loading=\"lazy\" decoding=\"async\" class=\"alignnone size-medium wp-image-339\" src=\"http:\/\/art.dirkrathke.de\/wp-content\/uploads\/2017\/07\/oberhausen9-300x234.jpg\" alt=\"\" width=\"300\" height=\"234\" srcset=\"http:\/\/art.dirkrathke.de\/wp-content\/uploads\/2017\/07\/oberhausen9-300x234.jpg 300w, http:\/\/art.dirkrathke.de\/wp-content\/uploads\/2017\/07\/oberhausen9.jpg 350w\" sizes=\"auto, (max-width: 300px) 100vw, 300px\" \/><\/p>\n<p>v.l.n.r.: Meer 10 , 2001, \u00d6l auf Leinwand; Blau geteilt, 1998\/2001, \u00d6l auf Leinwand<\/p>\n<p><img loading=\"lazy\" decoding=\"async\" class=\"alignnone size-medium wp-image-340\" src=\"http:\/\/art.dirkrathke.de\/wp-content\/uploads\/2017\/07\/oberhausen10-300x234.jpg\" alt=\"\" width=\"300\" height=\"234\" srcset=\"http:\/\/art.dirkrathke.de\/wp-content\/uploads\/2017\/07\/oberhausen10-300x234.jpg 300w, http:\/\/art.dirkrathke.de\/wp-content\/uploads\/2017\/07\/oberhausen10.jpg 350w\" sizes=\"auto, (max-width: 300px) 100vw, 300px\" \/><\/p>\n<p>v.l.n.r.: Blau geteilt, 1998\/2001, \u00d6l auf Leinwand; Stele 12, 2001, \u00d6l auf Nessel; Stele 6, 2000, \u00d6l auf Nessel<\/p>\n","protected":false},"excerpt":{"rendered":"<p>Einladungskarte v.l.n.r.: Tower 13, 2000, \u00d6l auf Leinwand; Tower 5, 2000, \u00d6l auf Nessel; Tower 20, 2000, \u00d6l auf Mischgewebe; Tower 2, 1999\/2000, \u00d6l auf Leinwand; Tower 12, 2000, \u00d6l auf Nessel; Tower 17, 2000, \u00d6l auf Nessel v.l.n.r.: bewegt, 2001, \u00d6l auf Leinwand; o.T., 2000, \u00d6l auf Leinwand; o.T., 1997, \u00d6l auf Leinwand; o.T., &hellip; <\/p>\n<p class=\"link-more\"><a href=\"http:\/\/art.dirkrathke.de\/?page_id=334\" class=\"more-link\"><span class=\"screen-reader-text\">\u201eDirk Rathke, Roland Geissel, Verein f\u00fcr aktuelle Kunst \/ Ruhrgebiet, Oberhausen, 2001\u201c <\/span>weiterlesen<\/a><\/p>\n","protected":false},"author":1,"featured_media":0,"parent":35,"menu_order":0,"comment_status":"closed","ping_status":"closed","template":"","meta":{"footnotes":""},"class_list":["post-334","page","type-page","status-publish","hentry"],"_links":{"self":[{"href":"http:\/\/art.dirkrathke.de\/index.php?rest_route=\/wp\/v2\/pages\/334","targetHints":{"allow":["GET"]}}],"collection":[{"href":"http:\/\/art.dirkrathke.de\/index.php?rest_route=\/wp\/v2\/pages"}],"about":[{"href":"http:\/\/art.dirkrathke.de\/index.php?rest_route=\/wp\/v2\/types\/page"}],"author":[{"embeddable":true,"href":"http:\/\/art.dirkrathke.de\/index.php?rest_route=\/wp\/v2\/users\/1"}],"replies":[{"embeddable":true,"href":"http:\/\/art.dirkrathke.de\/index.php?rest_route=%2Fwp%2Fv2%2Fcomments&post=334"}],"version-history":[{"count":5,"href":"http:\/\/art.dirkrathke.de\/index.php?rest_route=\/wp\/v2\/pages\/334\/revisions"}],"predecessor-version":[{"id":346,"href":"http:\/\/art.dirkrathke.de\/index.php?rest_route=\/wp\/v2\/pages\/334\/revisions\/346"}],"up":[{"embeddable":true,"href":"http:\/\/art.dirkrathke.de\/index.php?rest_route=\/wp\/v2\/pages\/35"}],"wp:attachment":[{"href":"http:\/\/art.dirkrathke.de\/index.php?rest_route=%2Fwp%2Fv2%2Fmedia&parent=334"}],"curies":[{"name":"wp","href":"https:\/\/api.w.org\/{rel}","templated":true}]}}