{"id":314,"date":"2017-07-31T19:51:38","date_gmt":"2017-07-31T19:51:38","guid":{"rendered":"http:\/\/art.dirkrathke.de\/?page_id=314"},"modified":"2017-07-31T20:02:22","modified_gmt":"2017-07-31T20:02:22","slug":"raumzeichnung-hennigsdorf-2000","status":"publish","type":"page","link":"http:\/\/art.dirkrathke.de\/?page_id=314","title":{"rendered":"Raumzeichnung Hennigsdorf, 2000"},"content":{"rendered":"<p><img loading=\"lazy\" decoding=\"async\" class=\"alignnone size-medium wp-image-310\" src=\"http:\/\/art.dirkrathke.de\/wp-content\/uploads\/2017\/07\/querschnitt-300x245.jpg\" alt=\"\" width=\"300\" height=\"245\" \/>\u00a0 \u00a0 \u00a0 \u00a0 \u00a0 \u00a0 \u00a0 \u00a0 <img loading=\"lazy\" decoding=\"async\" class=\"size-full wp-image-316 alignnone\" style=\"font-size: 1rem;\" src=\"http:\/\/art.dirkrathke.de\/wp-content\/uploads\/2017\/07\/halle.jpg\" alt=\"\" width=\"160\" height=\"245\" \/><br \/>\nEntwurf, links:\u00a0Geb\u00e4ude mit Raumzeichnung im Querschnitt und<br \/>\nrechts:\u00a0Eingangshalle mit Untersicht der Galerien<\/p>\n<p><span style=\"font-family: Arial, Helvetica, sans-serif; font-size: small;\"><b><span style=\"font-size: medium;\">Dirk Rathke: Raumzeichnung f\u00fcr Hennigsdorf &#8211; Konzeptbeschreibung<\/span><\/b><\/span><\/p>\n<p><span style=\"font-size: medium;\">Der ovale &#8222;Schornstein&#8220; bildet im Geb\u00e4ude ein zentrales architektonisches Element, er steht in der Mitte des Geb\u00e4udes, verbindet die beiden Geb\u00e4udeh\u00e4lften und \u00fcberragt sie. Er ist ein optischer Schwerpunkt und bildet einen Gegensatz zu den Senkrechten und Waagerechten im Geb\u00e4ude. Im &#8222;Schornstein&#8220; befindet sich auf dem Dach ein wichtiger Raum, der Konferenzraum. <\/span><\/p>\n<p><span style=\"font-size: medium;\">Ausgehend von der ovalen Form des &#8222;Schornsteins&#8220; habe ich ein Raum- bzw. Wandzeichnungskonzept f\u00fcr das ganze Haus entwickelt. Die Zeichnung auf den W\u00e4nden und Decken nimmt die Grundform des &#8222;Schornsteinovals&#8220; auf, und l\u00e4\u00dft diese an verschiedenen Stellen im Geb\u00e4ude als Ovalfragmente auftauchen. Dadurch ist seine Form im ganzen Haus gegenw\u00e4rtig, dient als Konzept\/Klammer, gleichzeitig als Symbol f\u00fcr das Haus und kontrastiert die funktionale Architektur.<\/span><\/p>\n<p>&nbsp;<\/p>\n<p>&nbsp;<\/p>\n<p>&nbsp;<\/p>\n","protected":false},"excerpt":{"rendered":"<p>\u00a0 \u00a0 \u00a0 \u00a0 \u00a0 \u00a0 \u00a0 \u00a0 Entwurf, links:\u00a0Geb\u00e4ude mit Raumzeichnung im Querschnitt und rechts:\u00a0Eingangshalle mit Untersicht der Galerien Dirk Rathke: Raumzeichnung f\u00fcr Hennigsdorf &#8211; Konzeptbeschreibung Der ovale &#8222;Schornstein&#8220; bildet im Geb\u00e4ude ein zentrales architektonisches Element, er steht in der Mitte des Geb\u00e4udes, verbindet die beiden Geb\u00e4udeh\u00e4lften und \u00fcberragt sie. Er ist ein optischer &hellip; <\/p>\n<p class=\"link-more\"><a href=\"http:\/\/art.dirkrathke.de\/?page_id=314\" class=\"more-link\"><span class=\"screen-reader-text\">\u201eRaumzeichnung Hennigsdorf, 2000\u201c <\/span>weiterlesen<\/a><\/p>\n","protected":false},"author":1,"featured_media":0,"parent":308,"menu_order":0,"comment_status":"closed","ping_status":"closed","template":"","meta":{"footnotes":""},"class_list":["post-314","page","type-page","status-publish","hentry"],"_links":{"self":[{"href":"http:\/\/art.dirkrathke.de\/index.php?rest_route=\/wp\/v2\/pages\/314","targetHints":{"allow":["GET"]}}],"collection":[{"href":"http:\/\/art.dirkrathke.de\/index.php?rest_route=\/wp\/v2\/pages"}],"about":[{"href":"http:\/\/art.dirkrathke.de\/index.php?rest_route=\/wp\/v2\/types\/page"}],"author":[{"embeddable":true,"href":"http:\/\/art.dirkrathke.de\/index.php?rest_route=\/wp\/v2\/users\/1"}],"replies":[{"embeddable":true,"href":"http:\/\/art.dirkrathke.de\/index.php?rest_route=%2Fwp%2Fv2%2Fcomments&post=314"}],"version-history":[{"count":6,"href":"http:\/\/art.dirkrathke.de\/index.php?rest_route=\/wp\/v2\/pages\/314\/revisions"}],"predecessor-version":[{"id":322,"href":"http:\/\/art.dirkrathke.de\/index.php?rest_route=\/wp\/v2\/pages\/314\/revisions\/322"}],"up":[{"embeddable":true,"href":"http:\/\/art.dirkrathke.de\/index.php?rest_route=\/wp\/v2\/pages\/308"}],"wp:attachment":[{"href":"http:\/\/art.dirkrathke.de\/index.php?rest_route=%2Fwp%2Fv2%2Fmedia&parent=314"}],"curies":[{"name":"wp","href":"https:\/\/api.w.org\/{rel}","templated":true}]}}