{"id":298,"date":"2017-07-31T08:31:06","date_gmt":"2017-07-31T08:31:06","guid":{"rendered":"http:\/\/art.dirkrathke.de\/?page_id=298"},"modified":"2017-07-31T08:31:06","modified_gmt":"2017-07-31T08:31:06","slug":"penetrating-paper-gebohrt-geschnitten-gefaltet-semjon-contemporary-berlin-2017","status":"publish","type":"page","link":"http:\/\/art.dirkrathke.de\/?page_id=298","title":{"rendered":"Penetrating Paper &#8211; Gebohrt, Geschnitten, Gefaltet&#8230;, Semjon Contemporary, Berlin, 2017"},"content":{"rendered":"<header class=\"csc-header csc-header-n4\">\n<h1><\/h1>\n<\/header>\n<div class=\"csc-textpic-text\">\n<p>17. M\u00e4rz &#8211; 22. April 2017<\/p>\n<p>Er\u00f6ffnung: 17. M\u00e4rz 2017, ab 19 Uhr<\/p>\n<p>Semjon Contemporary<br \/>\nSchr\u00f6derstr. 1<br \/>\n10115 Berlin<\/p>\n<p><a class=\"external-link-new-window\" title=\"Opens external link in new window\" href=\"http:\/\/www.semjoncontemporary.com\/\" target=\"_blank\" rel=\"noopener\">www.semjoncontemporary.com<\/a><\/p>\n<\/div>\n","protected":false},"excerpt":{"rendered":"<p>17. M\u00e4rz &#8211; 22. April 2017 Er\u00f6ffnung: 17. M\u00e4rz 2017, ab 19 Uhr Semjon Contemporary Schr\u00f6derstr. 1 10115 Berlin www.semjoncontemporary.com<\/p>\n","protected":false},"author":1,"featured_media":0,"parent":35,"menu_order":0,"comment_status":"closed","ping_status":"closed","template":"","meta":{"footnotes":""},"class_list":["post-298","page","type-page","status-publish","hentry"],"_links":{"self":[{"href":"http:\/\/art.dirkrathke.de\/index.php?rest_route=\/wp\/v2\/pages\/298","targetHints":{"allow":["GET"]}}],"collection":[{"href":"http:\/\/art.dirkrathke.de\/index.php?rest_route=\/wp\/v2\/pages"}],"about":[{"href":"http:\/\/art.dirkrathke.de\/index.php?rest_route=\/wp\/v2\/types\/page"}],"author":[{"embeddable":true,"href":"http:\/\/art.dirkrathke.de\/index.php?rest_route=\/wp\/v2\/users\/1"}],"replies":[{"embeddable":true,"href":"http:\/\/art.dirkrathke.de\/index.php?rest_route=%2Fwp%2Fv2%2Fcomments&post=298"}],"version-history":[{"count":1,"href":"http:\/\/art.dirkrathke.de\/index.php?rest_route=\/wp\/v2\/pages\/298\/revisions"}],"predecessor-version":[{"id":299,"href":"http:\/\/art.dirkrathke.de\/index.php?rest_route=\/wp\/v2\/pages\/298\/revisions\/299"}],"up":[{"embeddable":true,"href":"http:\/\/art.dirkrathke.de\/index.php?rest_route=\/wp\/v2\/pages\/35"}],"wp:attachment":[{"href":"http:\/\/art.dirkrathke.de\/index.php?rest_route=%2Fwp%2Fv2%2Fmedia&parent=298"}],"curies":[{"name":"wp","href":"https:\/\/api.w.org\/{rel}","templated":true}]}}