{"id":130,"date":"2017-07-30T20:01:13","date_gmt":"2017-07-30T20:01:13","guid":{"rendered":"http:\/\/art.dirkrathke.de\/?page_id=130"},"modified":"2019-12-19T19:52:03","modified_gmt":"2019-12-19T19:52:03","slug":"mehrteilig","status":"publish","type":"page","link":"http:\/\/art.dirkrathke.de\/?page_id=130","title":{"rendered":"mehrteilig"},"content":{"rendered":"<p><a href=\"http:\/\/art.dirkrathke.de\/wp-content\/uploads\/2019\/12\/908kl-o.T.-2018-50-x-43-x-5-zweitlg.-\u00d6l-auf-Baumwolle.jpg\"><img loading=\"lazy\" decoding=\"async\" class=\"alignnone size-medium wp-image-648\" src=\"http:\/\/art.dirkrathke.de\/wp-content\/uploads\/2019\/12\/908kl-o.T.-2018-50-x-43-x-5-zweitlg.-\u00d6l-auf-Baumwolle-300x291.jpg\" alt=\"\" width=\"300\" height=\"291\" srcset=\"http:\/\/art.dirkrathke.de\/wp-content\/uploads\/2019\/12\/908kl-o.T.-2018-50-x-43-x-5-zweitlg.-\u00d6l-auf-Baumwolle-300x291.jpg 300w, http:\/\/art.dirkrathke.de\/wp-content\/uploads\/2019\/12\/908kl-o.T.-2018-50-x-43-x-5-zweitlg.-\u00d6l-auf-Baumwolle-768x746.jpg 768w, http:\/\/art.dirkrathke.de\/wp-content\/uploads\/2019\/12\/908kl-o.T.-2018-50-x-43-x-5-zweitlg.-\u00d6l-auf-Baumwolle.jpg 1000w\" sizes=\"auto, (max-width: 300px) 100vw, 300px\" \/><\/a><br \/>\no.T. (#908), 2018, 50 x 43 x 5 cm, \u00d6l auf Baumwolle, zweiteilig<\/p>\n<p><a href=\"http:\/\/art.dirkrathke.de\/wp-content\/uploads\/2019\/12\/909kl-o.T.-2018-50-x-43-x-5-zweitlg.-\u00d6l-auf-Baumwolle.jpg\"><img loading=\"lazy\" decoding=\"async\" class=\"alignnone size-medium wp-image-651\" src=\"http:\/\/art.dirkrathke.de\/wp-content\/uploads\/2019\/12\/909kl-o.T.-2018-50-x-43-x-5-zweitlg.-\u00d6l-auf-Baumwolle-272x300.jpg\" alt=\"\" width=\"272\" height=\"300\" srcset=\"http:\/\/art.dirkrathke.de\/wp-content\/uploads\/2019\/12\/909kl-o.T.-2018-50-x-43-x-5-zweitlg.-\u00d6l-auf-Baumwolle-272x300.jpg 272w, http:\/\/art.dirkrathke.de\/wp-content\/uploads\/2019\/12\/909kl-o.T.-2018-50-x-43-x-5-zweitlg.-\u00d6l-auf-Baumwolle-768x846.jpg 768w, http:\/\/art.dirkrathke.de\/wp-content\/uploads\/2019\/12\/909kl-o.T.-2018-50-x-43-x-5-zweitlg.-\u00d6l-auf-Baumwolle-930x1024.jpg 930w, http:\/\/art.dirkrathke.de\/wp-content\/uploads\/2019\/12\/909kl-o.T.-2018-50-x-43-x-5-zweitlg.-\u00d6l-auf-Baumwolle.jpg 1000w\" sizes=\"auto, (max-width: 272px) 100vw, 272px\" \/><\/a><br \/>\no.T. (#909), 2018, 50 x 43 x 5 cm, \u00d6l auf Baumwolle, zweiteilig<\/p>\n<p><a href=\"http:\/\/art.dirkrathke.de\/wp-content\/uploads\/2019\/12\/836kl-oT-2017-52-x-52-x-7-cm.jpg\"><img loading=\"lazy\" decoding=\"async\" class=\"alignnone size-medium wp-image-653\" src=\"http:\/\/art.dirkrathke.de\/wp-content\/uploads\/2019\/12\/836kl-oT-2017-52-x-52-x-7-cm-300x297.jpg\" alt=\"\" width=\"300\" height=\"297\" srcset=\"http:\/\/art.dirkrathke.de\/wp-content\/uploads\/2019\/12\/836kl-oT-2017-52-x-52-x-7-cm-300x297.jpg 300w, http:\/\/art.dirkrathke.de\/wp-content\/uploads\/2019\/12\/836kl-oT-2017-52-x-52-x-7-cm-150x150.jpg 150w, http:\/\/art.dirkrathke.de\/wp-content\/uploads\/2019\/12\/836kl-oT-2017-52-x-52-x-7-cm-768x760.jpg 768w, http:\/\/art.dirkrathke.de\/wp-content\/uploads\/2019\/12\/836kl-oT-2017-52-x-52-x-7-cm-100x100.jpg 100w, http:\/\/art.dirkrathke.de\/wp-content\/uploads\/2019\/12\/836kl-oT-2017-52-x-52-x-7-cm.jpg 1010w\" sizes=\"auto, (max-width: 300px) 100vw, 300px\" \/><\/a><br \/>\no.T. (#836), 2017, 52 x 52 x 7 cm, \u00d6l auf Leinwand, vierteilig<\/p>\n<p><a href=\"http:\/\/art.dirkrathke.de\/wp-content\/uploads\/2018\/11\/888kl.jpg\"><img loading=\"lazy\" decoding=\"async\" class=\"alignnone size-medium wp-image-520\" src=\"http:\/\/art.dirkrathke.de\/wp-content\/uploads\/2018\/11\/888kl-300x218.jpg\" alt=\"\" width=\"300\" height=\"218\" srcset=\"http:\/\/art.dirkrathke.de\/wp-content\/uploads\/2018\/11\/888kl-300x218.jpg 300w, http:\/\/art.dirkrathke.de\/wp-content\/uploads\/2018\/11\/888kl-768x558.jpg 768w, http:\/\/art.dirkrathke.de\/wp-content\/uploads\/2018\/11\/888kl-1024x744.jpg 1024w, http:\/\/art.dirkrathke.de\/wp-content\/uploads\/2018\/11\/888kl.jpg 1376w\" sizes=\"auto, (max-width: 300px) 100vw, 300px\" \/><\/a><br \/>\nwei\u00df, geteilt (#888), 2018, 40 x 66 x 6 cm, \u00d6l auf Leinwand, zweiteilig<\/p>\n<p><a href=\"http:\/\/art.dirkrathke.de\/wp-content\/uploads\/2017\/07\/679-o.T.-2013-92-x-63-x-9-cm-\u00d6l-auf-Baumwolle-dreiteilig-kl.jpg\"><img loading=\"lazy\" decoding=\"async\" class=\"alignnone size-medium wp-image-86\" src=\"http:\/\/art.dirkrathke.de\/wp-content\/uploads\/2017\/07\/679-o.T.-2013-92-x-63-x-9-cm-\u00d6l-auf-Baumwolle-dreiteilig-kl-300x288.jpg\" alt=\"\" width=\"300\" height=\"288\" srcset=\"http:\/\/art.dirkrathke.de\/wp-content\/uploads\/2017\/07\/679-o.T.-2013-92-x-63-x-9-cm-\u00d6l-auf-Baumwolle-dreiteilig-kl-300x288.jpg 300w, http:\/\/art.dirkrathke.de\/wp-content\/uploads\/2017\/07\/679-o.T.-2013-92-x-63-x-9-cm-\u00d6l-auf-Baumwolle-dreiteilig-kl-768x738.jpg 768w, http:\/\/art.dirkrathke.de\/wp-content\/uploads\/2017\/07\/679-o.T.-2013-92-x-63-x-9-cm-\u00d6l-auf-Baumwolle-dreiteilig-kl-1024x985.jpg 1024w, http:\/\/art.dirkrathke.de\/wp-content\/uploads\/2017\/07\/679-o.T.-2013-92-x-63-x-9-cm-\u00d6l-auf-Baumwolle-dreiteilig-kl.jpg 1040w\" sizes=\"auto, (max-width: 300px) 100vw, 300px\" \/><\/a><br \/>\no.T. (#679), 2013, 92 x 63 x 9 cm, \u00d6l auf Baumwolle, dreiteilig (pb)<\/p>\n<p><a href=\"http:\/\/art.dirkrathke.de\/wp-content\/uploads\/2019\/12\/618kl.jpg\"><img loading=\"lazy\" decoding=\"async\" class=\"alignnone size-medium wp-image-655\" src=\"http:\/\/art.dirkrathke.de\/wp-content\/uploads\/2019\/12\/618kl-300x237.jpg\" alt=\"\" width=\"300\" height=\"237\" srcset=\"http:\/\/art.dirkrathke.de\/wp-content\/uploads\/2019\/12\/618kl-300x237.jpg 300w, http:\/\/art.dirkrathke.de\/wp-content\/uploads\/2019\/12\/618kl-768x607.jpg 768w, http:\/\/art.dirkrathke.de\/wp-content\/uploads\/2019\/12\/618kl.jpg 1000w\" sizes=\"auto, (max-width: 300px) 100vw, 300px\" \/><\/a><br \/>\no.T. (#618), 2009, 102 x 126 x 12 cm, \u00d6l auf Leinwand, vierteilig<\/p>\n<p><a href=\"http:\/\/art.dirkrathke.de\/wp-content\/uploads\/2019\/12\/422kl-vertikal.jpg\"><img loading=\"lazy\" decoding=\"async\" class=\"alignnone size-medium wp-image-656\" src=\"http:\/\/art.dirkrathke.de\/wp-content\/uploads\/2019\/12\/422kl-vertikal-300x231.jpg\" alt=\"\" width=\"300\" height=\"231\" srcset=\"http:\/\/art.dirkrathke.de\/wp-content\/uploads\/2019\/12\/422kl-vertikal-300x231.jpg 300w, http:\/\/art.dirkrathke.de\/wp-content\/uploads\/2019\/12\/422kl-vertikal-768x592.jpg 768w, http:\/\/art.dirkrathke.de\/wp-content\/uploads\/2019\/12\/422kl-vertikal.jpg 1000w\" sizes=\"auto, (max-width: 300px) 100vw, 300px\" \/><\/a><br \/>\no.T. (#422), 2002, 110 x 220 x 12 cm, \u00d6l auf Mischgewebe, zweiteilig (pb)<\/p>\n<p>&nbsp;<\/p>\n<p>&nbsp;<\/p>\n","protected":false},"excerpt":{"rendered":"<p>o.T. (#908), 2018, 50 x 43 x 5 cm, \u00d6l auf Baumwolle, zweiteilig o.T. (#909), 2018, 50 x 43 x 5 cm, \u00d6l auf Baumwolle, zweiteilig o.T. (#836), 2017, 52 x 52 x 7 cm, \u00d6l auf Leinwand, vierteilig wei\u00df, geteilt (#888), 2018, 40 x 66 x 6 cm, \u00d6l auf Leinwand, zweiteilig o.T. (#679), &hellip; <\/p>\n<p class=\"link-more\"><a href=\"http:\/\/art.dirkrathke.de\/?page_id=130\" class=\"more-link\"><span class=\"screen-reader-text\">\u201emehrteilig\u201c <\/span>weiterlesen<\/a><\/p>\n","protected":false},"author":1,"featured_media":0,"parent":114,"menu_order":4,"comment_status":"closed","ping_status":"closed","template":"","meta":{"footnotes":""},"class_list":["post-130","page","type-page","status-publish","hentry"],"_links":{"self":[{"href":"http:\/\/art.dirkrathke.de\/index.php?rest_route=\/wp\/v2\/pages\/130","targetHints":{"allow":["GET"]}}],"collection":[{"href":"http:\/\/art.dirkrathke.de\/index.php?rest_route=\/wp\/v2\/pages"}],"about":[{"href":"http:\/\/art.dirkrathke.de\/index.php?rest_route=\/wp\/v2\/types\/page"}],"author":[{"embeddable":true,"href":"http:\/\/art.dirkrathke.de\/index.php?rest_route=\/wp\/v2\/users\/1"}],"replies":[{"embeddable":true,"href":"http:\/\/art.dirkrathke.de\/index.php?rest_route=%2Fwp%2Fv2%2Fcomments&post=130"}],"version-history":[{"count":11,"href":"http:\/\/art.dirkrathke.de\/index.php?rest_route=\/wp\/v2\/pages\/130\/revisions"}],"predecessor-version":[{"id":661,"href":"http:\/\/art.dirkrathke.de\/index.php?rest_route=\/wp\/v2\/pages\/130\/revisions\/661"}],"up":[{"embeddable":true,"href":"http:\/\/art.dirkrathke.de\/index.php?rest_route=\/wp\/v2\/pages\/114"}],"wp:attachment":[{"href":"http:\/\/art.dirkrathke.de\/index.php?rest_route=%2Fwp%2Fv2%2Fmedia&parent=130"}],"curies":[{"name":"wp","href":"https:\/\/api.w.org\/{rel}","templated":true}]}}