{"id":125,"date":"2017-07-30T19:59:05","date_gmt":"2017-07-30T19:59:05","guid":{"rendered":"http:\/\/art.dirkrathke.de\/?page_id=125"},"modified":"2018-04-03T15:59:07","modified_gmt":"2018-04-03T15:59:07","slug":"tower","status":"publish","type":"page","link":"http:\/\/art.dirkrathke.de\/?page_id=125","title":{"rendered":"Tower und Stelen"},"content":{"rendered":"<p><img loading=\"lazy\" decoding=\"async\" class=\"alignnone size-medium wp-image-446\" src=\"http:\/\/art.dirkrathke.de\/wp-content\/uploads\/2018\/04\/831-832-257x300.jpg\" alt=\"\" width=\"257\" height=\"300\" srcset=\"http:\/\/art.dirkrathke.de\/wp-content\/uploads\/2018\/04\/831-832-257x300.jpg 257w, http:\/\/art.dirkrathke.de\/wp-content\/uploads\/2018\/04\/831-832.jpg 685w\" sizes=\"auto, (max-width: 257px) 100vw, 257px\" \/><br \/>\nMinitower, 2017, 34 x 14,5 x 8 cm, \u00d6l auf Baumwolle,<br \/>\nmultipleart Z\u00fcrich<\/p>\n<p><a href=\"http:\/\/art.dirkrathke.de\/wp-content\/uploads\/2017\/07\/reihe_gr.jpg\"><img loading=\"lazy\" decoding=\"async\" class=\"alignnone size-medium wp-image-77\" src=\"http:\/\/art.dirkrathke.de\/wp-content\/uploads\/2017\/07\/reihe_gr-300x195.jpg\" alt=\"\" width=\"300\" height=\"195\" srcset=\"http:\/\/art.dirkrathke.de\/wp-content\/uploads\/2017\/07\/reihe_gr-300x195.jpg 300w, http:\/\/art.dirkrathke.de\/wp-content\/uploads\/2017\/07\/reihe_gr.jpg 614w\" sizes=\"auto, (max-width: 300px) 100vw, 300px\" \/><\/a><br \/>\nTower-Reihe, je ca. 60 x 20 cm, Ausstellungsansicht<br \/>\nAtelierhaus Hermann Rosa, M\u00fcnchen 2005<\/p>\n<p><img loading=\"lazy\" decoding=\"async\" class=\"alignnone size-medium wp-image-336\" src=\"http:\/\/art.dirkrathke.de\/wp-content\/uploads\/2017\/07\/oberhausen2-300x217.jpg\" alt=\"\" width=\"300\" height=\"217\" srcset=\"http:\/\/art.dirkrathke.de\/wp-content\/uploads\/2017\/07\/oberhausen2-300x217.jpg 300w, http:\/\/art.dirkrathke.de\/wp-content\/uploads\/2017\/07\/oberhausen2.jpg 350w\" sizes=\"auto, (max-width: 300px) 100vw, 300px\" \/><\/p>\n<p>v.l.n.r.: Tower 13, 2000, \u00d6l auf Leinwand; Tower 5, 2000, \u00d6l auf Nessel; Tower 20, 2000, \u00d6l auf Mischgewebe; Tower 2, 1999\/2000, \u00d6l auf Leinwand; Tower 12, 2000, \u00d6l auf Nessel; Tower 17, 2000, \u00d6l auf Nessel,<br \/>\nAusstellungsansicht Verein f\u00fcr aktuelle Kunst, Oberhausen, 2001<\/p>\n<p><img loading=\"lazy\" decoding=\"async\" class=\"alignnone size-medium wp-image-349\" src=\"http:\/\/art.dirkrathke.de\/wp-content\/uploads\/2017\/07\/stelen_gr-1-250x300.jpg\" alt=\"\" width=\"250\" height=\"300\" srcset=\"http:\/\/art.dirkrathke.de\/wp-content\/uploads\/2017\/07\/stelen_gr-1-250x300.jpg 250w, http:\/\/art.dirkrathke.de\/wp-content\/uploads\/2017\/07\/stelen_gr-1.jpg 416w\" sizes=\"auto, (max-width: 250px) 100vw, 250px\" \/><\/p>\n<p>v.l.n.r.: Stele 12, 11 und 13, 2001, \u00d6l auf Baumwolle, je ca. 180 x 20 x 12 cm<br \/>\nAusstellungsansicht Galerie Markus Richter, 2001<\/p>\n<p>&nbsp;<\/p>\n","protected":false},"excerpt":{"rendered":"<p>Minitower, 2017, 34 x 14,5 x 8 cm, \u00d6l auf Baumwolle, multipleart Z\u00fcrich Tower-Reihe, je ca. 60 x 20 cm, Ausstellungsansicht Atelierhaus Hermann Rosa, M\u00fcnchen 2005 v.l.n.r.: Tower 13, 2000, \u00d6l auf Leinwand; Tower 5, 2000, \u00d6l auf Nessel; Tower 20, 2000, \u00d6l auf Mischgewebe; Tower 2, 1999\/2000, \u00d6l auf Leinwand; Tower 12, 2000, \u00d6l &hellip; <\/p>\n<p class=\"link-more\"><a href=\"http:\/\/art.dirkrathke.de\/?page_id=125\" class=\"more-link\"><span class=\"screen-reader-text\">\u201eTower und Stelen\u201c <\/span>weiterlesen<\/a><\/p>\n","protected":false},"author":1,"featured_media":0,"parent":114,"menu_order":1,"comment_status":"closed","ping_status":"closed","template":"","meta":{"footnotes":""},"class_list":["post-125","page","type-page","status-publish","hentry"],"_links":{"self":[{"href":"http:\/\/art.dirkrathke.de\/index.php?rest_route=\/wp\/v2\/pages\/125","targetHints":{"allow":["GET"]}}],"collection":[{"href":"http:\/\/art.dirkrathke.de\/index.php?rest_route=\/wp\/v2\/pages"}],"about":[{"href":"http:\/\/art.dirkrathke.de\/index.php?rest_route=\/wp\/v2\/types\/page"}],"author":[{"embeddable":true,"href":"http:\/\/art.dirkrathke.de\/index.php?rest_route=\/wp\/v2\/users\/1"}],"replies":[{"embeddable":true,"href":"http:\/\/art.dirkrathke.de\/index.php?rest_route=%2Fwp%2Fv2%2Fcomments&post=125"}],"version-history":[{"count":8,"href":"http:\/\/art.dirkrathke.de\/index.php?rest_route=\/wp\/v2\/pages\/125\/revisions"}],"predecessor-version":[{"id":448,"href":"http:\/\/art.dirkrathke.de\/index.php?rest_route=\/wp\/v2\/pages\/125\/revisions\/448"}],"up":[{"embeddable":true,"href":"http:\/\/art.dirkrathke.de\/index.php?rest_route=\/wp\/v2\/pages\/114"}],"wp:attachment":[{"href":"http:\/\/art.dirkrathke.de\/index.php?rest_route=%2Fwp%2Fv2%2Fmedia&parent=125"}],"curies":[{"name":"wp","href":"https:\/\/api.w.org\/{rel}","templated":true}]}}